{"id":17,"date":"2021-04-14T07:41:16","date_gmt":"2021-04-14T07:41:16","guid":{"rendered":"https:\/\/www.wurth.es\/blog\/?page_id=17"},"modified":"2025-04-04T06:43:21","modified_gmt":"2025-04-04T06:43:21","slug":"tiendas","status":"publish","type":"page","link":"https:\/\/www.wurth.es\/blog\/tiendas\/","title":{"rendered":"Tiendas"},"content":{"rendered":"\t\t<div data-elementor-type=\"wp-page\" data-elementor-id=\"17\" class=\"elementor elementor-17\">\n\t\t\t\t\t\t<section class=\"elementor-section elementor-top-section elementor-element elementor-element-ae1cc58 elementor-section-boxed elementor-section-height-default elementor-section-height-default\" data-id=\"ae1cc58\" data-element_type=\"section\">\n\t\t\t\t\t\t<div class=\"elementor-container elementor-column-gap-default\">\n\t\t\t\t\t<div class=\"elementor-column elementor-col-100 elementor-top-column elementor-element elementor-element-9e9301b\" data-id=\"9e9301b\" data-element_type=\"column\">\n\t\t\t<div class=\"elementor-widget-wrap elementor-element-populated\">\n\t\t\t\t\t\t<div class=\"elementor-element elementor-element-9aba5e9 elementor-hidden-desktop elementor-hidden-tablet elementor-widget elementor-widget-image\" data-id=\"9aba5e9\" data-element_type=\"widget\" data-widget_type=\"image.default\">\n\t\t\t\t<div class=\"elementor-widget-container\">\n\t\t\t\t\t\t\t\t\t\t\t\t\t\t\t<img fetchpriority=\"high\" decoding=\"async\" width=\"640\" height=\"366\" src=\"https:\/\/www.wurth.es\/blog\/wp-content\/uploads\/2023\/03\/banner-MBL.png\" class=\"attachment-large size-large wp-image-3903\" alt=\"\" srcset=\"https:\/\/www.wurth.es\/blog\/wp-content\/uploads\/2023\/03\/banner-MBL.png 700w, https:\/\/www.wurth.es\/blog\/wp-content\/uploads\/2023\/03\/banner-MBL-300x171.png 300w\" sizes=\"(max-width: 640px) 100vw, 640px\" \/>\t\t\t\t\t\t\t\t\t\t\t\t\t\t\t<\/div>\n\t\t\t\t<\/div>\n\t\t\t\t\t<\/div>\n\t\t<\/div>\n\t\t\t\t\t<\/div>\n\t\t<\/section>\n\t\t\t\t<section class=\"elementor-section elementor-top-section elementor-element elementor-element-32e3e2d elementor-hidden-mobile elementor-section-boxed elementor-section-height-default elementor-section-height-default\" data-id=\"32e3e2d\" data-element_type=\"section\">\n\t\t\t\t\t\t<div class=\"elementor-container elementor-column-gap-default\">\n\t\t\t\t\t<div class=\"elementor-column elementor-col-100 elementor-top-column elementor-element elementor-element-126625a\" data-id=\"126625a\" data-element_type=\"column\">\n\t\t\t<div class=\"elementor-widget-wrap elementor-element-populated\">\n\t\t\t\t\t\t<div class=\"elementor-element elementor-element-de1e986 elementor-widget elementor-widget-image\" data-id=\"de1e986\" data-element_type=\"widget\" data-widget_type=\"image.default\">\n\t\t\t\t<div class=\"elementor-widget-container\">\n\t\t\t\t\t\t\t\t\t\t\t\t\t\t\t<img decoding=\"async\" width=\"1000\" height=\"400\" src=\"https:\/\/www.wurth.es\/blog\/wp-content\/uploads\/2025\/04\/1300x400.jpg\" class=\"attachment-1536x1536 size-1536x1536 wp-image-7562\" alt=\"\" srcset=\"https:\/\/www.wurth.es\/blog\/wp-content\/uploads\/2025\/04\/1300x400.jpg 1000w, https:\/\/www.wurth.es\/blog\/wp-content\/uploads\/2025\/04\/1300x400-300x120.jpg 300w, https:\/\/www.wurth.es\/blog\/wp-content\/uploads\/2025\/04\/1300x400-768x307.jpg 768w\" sizes=\"(max-width: 1000px) 100vw, 1000px\" \/>\t\t\t\t\t\t\t\t\t\t\t\t\t\t\t<\/div>\n\t\t\t\t<\/div>\n\t\t\t\t\t<\/div>\n\t\t<\/div>\n\t\t\t\t\t<\/div>\n\t\t<\/section>\n\t\t\t\t<section class=\"elementor-section elementor-top-section elementor-element elementor-element-fd5d501 elementor-section-boxed elementor-section-height-default elementor-section-height-default\" data-id=\"fd5d501\" data-element_type=\"section\">\n\t\t\t\t\t\t<div class=\"elementor-container elementor-column-gap-default\">\n\t\t\t\t\t<div class=\"elementor-column elementor-col-100 elementor-top-column elementor-element elementor-element-055b49c\" data-id=\"055b49c\" data-element_type=\"column\">\n\t\t\t<div class=\"elementor-widget-wrap elementor-element-populated\">\n\t\t\t\t\t\t<div class=\"elementor-element elementor-element-2fea735 elementor-widget elementor-widget-text-editor\" data-id=\"2fea735\" data-element_type=\"widget\" data-widget_type=\"text-editor.default\">\n\t\t\t\t<div class=\"elementor-widget-container\">\n\t\t\t\t\t\t\t\t\t<p>En W\u00fcrth Espa\u00f1a contamos con una <strong>Red de Tiendas\u00a0<\/strong>conformada por m\u00e1s de <b>160\u00a0<\/b><strong>tiendas f\u00edsicas<\/strong> en toda la geograf\u00eda espa\u00f1ola.<\/p><p>En nuestras tiendas contamos con <strong>m\u00e1s de 3.300 referencias<\/strong> de nuestro cat\u00e1logo dentro de una selecci\u00f3n que incluye <strong>productos de uso frecuente<\/strong>.<\/p><p>Estos art\u00edculos son los m\u00e1s demandados por los clientes, quienes tienen al alcance una amplia gama de <strong>herramientas<\/strong>, <strong>qu\u00edmicos<\/strong>, <strong>torniller\u00eda<\/strong>, <strong>tacos<\/strong> y <strong>anclajes<\/strong> y <strong>vestuario laboral<\/strong>, as\u00ed como un largo etc\u00e9tera de referencias. Todo ello clasificado y ordenado en los expositores correspondientes.<\/p><p>Las <b>Tiendas\u00a0<\/b><strong>W\u00fcrth<\/strong> se encuentran estrat\u00e9gicamente situados para facilitar la <strong>localizaci\u00f3n<\/strong>, el <strong>acceso<\/strong> y el <strong>estacionamiento de veh\u00edculos<\/strong>. Los visitantes que acudan recibir\u00e1n una amplia informaci\u00f3n y <strong>asesoramiento<\/strong> de la gama de productos y servicios que se encuentran en sus instalaciones, y podr\u00e1n beneficiarse de <strong>promociones especiales<\/strong>.<\/p>\t\t\t\t\t\t\t\t<\/div>\n\t\t\t\t<\/div>\n\t\t\t\t\t<\/div>\n\t\t<\/div>\n\t\t\t\t\t<\/div>\n\t\t<\/section>\n\t\t\t\t<section class=\"elementor-section elementor-top-section elementor-element elementor-element-37793a3 elementor-section-boxed elementor-section-height-default elementor-section-height-default\" data-id=\"37793a3\" data-element_type=\"section\">\n\t\t\t\t\t\t<div class=\"elementor-container elementor-column-gap-default\">\n\t\t\t\t\t<div class=\"elementor-column elementor-col-100 elementor-top-column elementor-element elementor-element-ce3f2c0\" data-id=\"ce3f2c0\" data-element_type=\"column\">\n\t\t\t<div class=\"elementor-widget-wrap elementor-element-populated\">\n\t\t\t\t\t\t<div class=\"elementor-element elementor-element-43f9942 elementor-widget elementor-widget-text-editor\" data-id=\"43f9942\" data-element_type=\"widget\" data-widget_type=\"text-editor.default\">\n\t\t\t\t<div class=\"elementor-widget-container\">\n\t\t\t\t\t\t\t\t\t<h2>\u00a1CERCA, M\u00c1S CERCA, W\u00dcRTH!<\/h2><p>Adem\u00e1s de la Red de Tiendas, en W\u00fcrth Espa\u00f1a disponemos de dos <b>Tiendas\u00a0<\/b><strong>M\u00f3viles<\/strong> que cuentan con m\u00e1s de <strong>1.500 referencias<\/strong> de nuestro cat\u00e1logo. Este innovador modelo de venta es el primero de todo el Grupo W\u00fcrth y tiene como objetivo llegar a todos los rincones de Espa\u00f1a para que nuestros Clientes y as\u00ed brindar un <strong>servicio \u00f3ptimo y de calidad<\/strong>.<\/p>\t\t\t\t\t\t\t\t<\/div>\n\t\t\t\t<\/div>\n\t\t\t\t\t<\/div>\n\t\t<\/div>\n\t\t\t\t\t<\/div>\n\t\t<\/section>\n\t\t\t\t<section class=\"elementor-section elementor-top-section elementor-element elementor-element-f7e2e63 elementor-section-boxed elementor-section-height-default elementor-section-height-default\" data-id=\"f7e2e63\" data-element_type=\"section\">\n\t\t\t\t\t\t<div class=\"elementor-container elementor-column-gap-default\">\n\t\t\t\t\t<div class=\"elementor-column elementor-col-100 elementor-top-column elementor-element elementor-element-d6e3cc3\" data-id=\"d6e3cc3\" data-element_type=\"column\">\n\t\t\t<div class=\"elementor-widget-wrap elementor-element-populated\">\n\t\t\t\t\t\t<div class=\"elementor-element elementor-element-7a7d148 elementor-align-left elementor-widget elementor-widget-button\" data-id=\"7a7d148\" data-element_type=\"widget\" data-widget_type=\"button.default\">\n\t\t\t\t<div class=\"elementor-widget-container\">\n\t\t\t\t\t\t\t\t\t<div class=\"elementor-button-wrapper\">\n\t\t\t\t\t<a class=\"elementor-button elementor-button-link elementor-size-md\" href=\"https:\/\/www.wurth.es\/autoservicios\" target=\"_blank\">\n\t\t\t\t\t\t<span class=\"elementor-button-content-wrapper\">\n\t\t\t\t\t\t\t\t\t<span class=\"elementor-button-text\">VER TODAS LAS UBICACIONES<\/span>\n\t\t\t\t\t<\/span>\n\t\t\t\t\t<\/a>\n\t\t\t\t<\/div>\n\t\t\t\t\t\t\t\t<\/div>\n\t\t\t\t<\/div>\n\t\t\t\t\t<\/div>\n\t\t<\/div>\n\t\t\t\t\t<\/div>\n\t\t<\/section>\n\t\t\t\t<section class=\"elementor-section elementor-top-section elementor-element elementor-element-a2096af elementor-section-boxed elementor-section-height-default elementor-section-height-default\" data-id=\"a2096af\" data-element_type=\"section\">\n\t\t\t\t\t\t<div class=\"elementor-container elementor-column-gap-default\">\n\t\t\t\t\t<div class=\"elementor-column elementor-col-100 elementor-top-column elementor-element elementor-element-a5220f3\" data-id=\"a5220f3\" data-element_type=\"column\">\n\t\t\t<div class=\"elementor-widget-wrap elementor-element-populated\">\n\t\t\t\t\t\t<div class=\"elementor-element elementor-element-277bbec elementor-widget elementor-widget-video\" data-id=\"277bbec\" data-element_type=\"widget\" data-settings=\"{&quot;youtube_url&quot;:&quot;https:\\\/\\\/www.youtube.com\\\/watch?v=DJHVqWPmjKo&quot;,&quot;video_type&quot;:&quot;youtube&quot;,&quot;controls&quot;:&quot;yes&quot;}\" data-widget_type=\"video.default\">\n\t\t\t\t<div class=\"elementor-widget-container\">\n\t\t\t\t\t\t\t<div class=\"elementor-wrapper elementor-open-inline\">\n\t\t\t<div class=\"elementor-video\"><\/div>\t\t<\/div>\n\t\t\t\t\t\t<\/div>\n\t\t\t\t<\/div>\n\t\t\t\t\t<\/div>\n\t\t<\/div>\n\t\t\t\t\t<\/div>\n\t\t<\/section>\n\t\t\t\t<\/div>\n\t\t","protected":false},"excerpt":{"rendered":"<p>En W\u00fcrth Espa\u00f1a contamos con una Red de Tiendas\u00a0conformada por m\u00e1s de 160\u00a0tiendas f\u00edsicas en&#8230;<\/p>\n","protected":false},"author":9,"featured_media":0,"parent":0,"menu_order":0,"comment_status":"closed","ping_status":"closed","template":"","meta":{"footnotes":""},"class_list":["post-17","page","type-page","status-publish","hentry"],"_links":{"self":[{"href":"https:\/\/www.wurth.es\/blog\/wp-json\/wp\/v2\/pages\/17","targetHints":{"allow":["GET"]}}],"collection":[{"href":"https:\/\/www.wurth.es\/blog\/wp-json\/wp\/v2\/pages"}],"about":[{"href":"https:\/\/www.wurth.es\/blog\/wp-json\/wp\/v2\/types\/page"}],"author":[{"embeddable":true,"href":"https:\/\/www.wurth.es\/blog\/wp-json\/wp\/v2\/users\/9"}],"replies":[{"embeddable":true,"href":"https:\/\/www.wurth.es\/blog\/wp-json\/wp\/v2\/comments?post=17"}],"version-history":[{"count":105,"href":"https:\/\/www.wurth.es\/blog\/wp-json\/wp\/v2\/pages\/17\/revisions"}],"predecessor-version":[{"id":7565,"href":"https:\/\/www.wurth.es\/blog\/wp-json\/wp\/v2\/pages\/17\/revisions\/7565"}],"wp:attachment":[{"href":"https:\/\/www.wurth.es\/blog\/wp-json\/wp\/v2\/media?parent=17"}],"curies":[{"name":"wp","href":"https:\/\/api.w.org\/{rel}","templated":true}]}}